{"id":1642,"date":"2023-01-19T10:54:42","date_gmt":"2023-01-19T09:54:42","guid":{"rendered":"https:\/\/medic-centrum.pl\/?page_id=1642"},"modified":"2023-02-02T11:40:41","modified_gmt":"2023-02-02T10:40:41","slug":"ratownictwo-medyczne","status":"publish","type":"page","link":"https:\/\/medic-centrum.pl\/index.php\/ratownictwo-medyczne\/","title":{"rendered":"Ratownictwo medyczne"},"content":{"rendered":"\t\t<div data-elementor-type=\"wp-page\" data-elementor-id=\"1642\" class=\"elementor elementor-1642\" data-elementor-post-type=\"page\">\n\t\t\t\t\t\t<section class=\"elementor-section elementor-top-section elementor-element elementor-element-3a5bfc4 elementor-section-full_width elementor-section-content-middle elementor-section-height-default elementor-section-height-default\" data-id=\"3a5bfc4\" data-element_type=\"section\" data-e-type=\"section\" data-settings=\"{&quot;background_background&quot;:&quot;classic&quot;}\">\n\t\t\t\t\t\t<div class=\"elementor-container elementor-column-gap-no\">\n\t\t\t\t\t<div class=\"elementor-column elementor-col-100 elementor-top-column elementor-element elementor-element-54d687a\" data-id=\"54d687a\" data-element_type=\"column\" data-e-type=\"column\">\n\t\t\t<div class=\"elementor-widget-wrap elementor-element-populated\">\n\t\t\t\t\t\t<section class=\"elementor-section elementor-inner-section elementor-element elementor-element-affdfd8 elementor-section-boxed elementor-section-height-default elementor-section-height-default\" data-id=\"affdfd8\" data-element_type=\"section\" data-e-type=\"section\">\n\t\t\t\t\t\t<div class=\"elementor-container elementor-column-gap-default\">\n\t\t\t\t\t<div class=\"elementor-column elementor-col-50 elementor-inner-column elementor-element elementor-element-cfda1a6\" data-id=\"cfda1a6\" data-element_type=\"column\" data-e-type=\"column\">\n\t\t\t<div class=\"elementor-widget-wrap elementor-element-populated\">\n\t\t\t\t\t\t<div class=\"elementor-element elementor-element-25b24a8 elementor-widget elementor-widget-image\" data-id=\"25b24a8\" data-element_type=\"widget\" data-e-type=\"widget\" data-widget_type=\"image.default\">\n\t\t\t\t<div class=\"elementor-widget-container\">\n\t\t\t\t\t\t\t\t\t\t\t\t\t\t\t\t<a href=\"https:\/\/medic-centrum.pl\">\n\t\t\t\t\t\t\t<img fetchpriority=\"high\" decoding=\"async\" width=\"1024\" height=\"348\" src=\"https:\/\/medic-centrum.pl\/wp-content\/uploads\/2022\/12\/Medic_Centrum_Logo-1024x348.png\" class=\"attachment-large size-large wp-image-1107\" alt=\"\" srcset=\"https:\/\/medic-centrum.pl\/wp-content\/uploads\/2022\/12\/Medic_Centrum_Logo-1024x348.png 1024w, https:\/\/medic-centrum.pl\/wp-content\/uploads\/2022\/12\/Medic_Centrum_Logo-300x102.png 300w, https:\/\/medic-centrum.pl\/wp-content\/uploads\/2022\/12\/Medic_Centrum_Logo-768x261.png 768w, https:\/\/medic-centrum.pl\/wp-content\/uploads\/2022\/12\/Medic_Centrum_Logo.png 1370w\" sizes=\"(max-width: 1024px) 100vw, 1024px\" \/>\t\t\t\t\t\t\t\t<\/a>\n\t\t\t\t\t\t\t\t\t\t\t\t\t\t\t<\/div>\n\t\t\t\t<\/div>\n\t\t\t\t\t<\/div>\n\t\t<\/div>\n\t\t\t\t<div class=\"elementor-column elementor-col-50 elementor-inner-column elementor-element elementor-element-03c89bd\" data-id=\"03c89bd\" data-element_type=\"column\" data-e-type=\"column\">\n\t\t\t<div class=\"elementor-widget-wrap elementor-element-populated\">\n\t\t\t\t\t\t<div class=\"elementor-element elementor-element-b0f9ab2 elementor-icon-list--layout-inline elementor-align-end elementor-list-item-link-full_width elementor-widget elementor-widget-icon-list\" data-id=\"b0f9ab2\" data-element_type=\"widget\" data-e-type=\"widget\" data-widget_type=\"icon-list.default\">\n\t\t\t\t<div class=\"elementor-widget-container\">\n\t\t\t\t\t\t\t<ul class=\"elementor-icon-list-items elementor-inline-items\">\n\t\t\t\t\t\t\t<li class=\"elementor-icon-list-item elementor-inline-item\">\n\t\t\t\t\t\t\t\t\t\t\t<span class=\"elementor-icon-list-icon\">\n\t\t\t\t\t\t\t<i aria-hidden=\"true\" class=\"fas fa-caret-right\"><\/i>\t\t\t\t\t\t<\/span>\n\t\t\t\t\t\t\t\t\t\t<span class=\"elementor-icon-list-text\">Rejestracja<\/span>\n\t\t\t\t\t\t\t\t\t<\/li>\n\t\t\t\t\t\t\t\t<li class=\"elementor-icon-list-item elementor-inline-item\">\n\t\t\t\t\t\t\t\t\t\t\t<a href=\"tel:426520720\">\n\n\t\t\t\t\t\t\t\t\t\t\t<span class=\"elementor-icon-list-text\">tel: 42 652 07 20<\/span>\n\t\t\t\t\t\t\t\t\t\t\t<\/a>\n\t\t\t\t\t\t\t\t\t<\/li>\n\t\t\t\t\t\t\t\t<li class=\"elementor-icon-list-item elementor-inline-item\">\n\t\t\t\t\t\t\t\t\t\t\t<a href=\"tel:721181465\">\n\n\t\t\t\t\t\t\t\t\t\t\t<span class=\"elementor-icon-list-text\">tel: 721 181 465<\/span>\n\t\t\t\t\t\t\t\t\t\t\t<\/a>\n\t\t\t\t\t\t\t\t\t<\/li>\n\t\t\t\t\t\t<\/ul>\n\t\t\t\t\t\t<\/div>\n\t\t\t\t<\/div>\n\t\t\t\t<div class=\"elementor-element elementor-element-5f2f59d elementor-widget-divider--view-line elementor-widget elementor-widget-divider\" data-id=\"5f2f59d\" data-element_type=\"widget\" data-e-type=\"widget\" data-widget_type=\"divider.default\">\n\t\t\t\t<div class=\"elementor-widget-container\">\n\t\t\t\t\t\t\t<div class=\"elementor-divider\">\n\t\t\t<span class=\"elementor-divider-separator\">\n\t\t\t\t\t\t<\/span>\n\t\t<\/div>\n\t\t\t\t\t\t<\/div>\n\t\t\t\t<\/div>\n\t\t\t\t<div class=\"elementor-element elementor-element-2df7f58 elementor-nav-menu__align-end elementor-nav-menu--dropdown-mobile elementor-nav-menu__text-align-aside elementor-nav-menu--toggle elementor-nav-menu--burger elementor-widget elementor-widget-nav-menu\" data-id=\"2df7f58\" data-element_type=\"widget\" data-e-type=\"widget\" data-settings=\"{&quot;layout&quot;:&quot;horizontal&quot;,&quot;submenu_icon&quot;:{&quot;value&quot;:&quot;&lt;i class=\\&quot;fas fa-caret-down\\&quot;&gt;&lt;\\\/i&gt;&quot;,&quot;library&quot;:&quot;fa-solid&quot;},&quot;toggle&quot;:&quot;burger&quot;}\" data-widget_type=\"nav-menu.default\">\n\t\t\t\t<div class=\"elementor-widget-container\">\n\t\t\t\t\t\t\t\t<nav class=\"elementor-nav-menu--main elementor-nav-menu__container elementor-nav-menu--layout-horizontal e--pointer-underline e--animation-fade\">\n\t\t\t\t<ul id=\"menu-1-2df7f58\" class=\"elementor-nav-menu\"><li class=\"menu-item menu-item-type-post_type menu-item-object-page menu-item-home menu-item-1311\"><a href=\"https:\/\/medic-centrum.pl\/\" class=\"elementor-item menu-link\">Strona G\u0142\u00f3wna<\/a><\/li>\n<li class=\"menu-item menu-item-type-post_type menu-item-object-page menu-item-1629\"><a href=\"https:\/\/medic-centrum.pl\/index.php\/about-us\/\" class=\"elementor-item menu-link\">O nas<\/a><\/li>\n<li class=\"menu-item menu-item-type-post_type menu-item-object-page menu-item-has-children menu-item-189\"><a aria-expanded=\"false\" href=\"https:\/\/medic-centrum.pl\/index.php\/services\/\" class=\"elementor-item menu-link\">Us\u0142ugi<\/a>\n<ul class=\"sub-menu elementor-nav-menu--dropdown\">\n\t<li class=\"menu-item menu-item-type-post_type menu-item-object-page menu-item-503\"><a href=\"https:\/\/medic-centrum.pl\/index.php\/porady-lekarskie\/\" class=\"elementor-sub-item menu-link\">Porady lekarskie<\/a><\/li>\n\t<li class=\"menu-item menu-item-type-post_type menu-item-object-page menu-item-502\"><a href=\"https:\/\/medic-centrum.pl\/index.php\/gabinet-zabiegowy-punkt-szczepien\/\" class=\"elementor-sub-item menu-link\">Gabinet zabiegowy\/punkt szczepie\u0144<\/a><\/li>\n\t<li class=\"menu-item menu-item-type-post_type menu-item-object-page menu-item-505\"><a href=\"https:\/\/medic-centrum.pl\/index.php\/rehabilitacja\/\" class=\"elementor-sub-item menu-link\">Rehabilitacja<\/a><\/li>\n\t<li class=\"menu-item menu-item-type-post_type menu-item-object-page menu-item-657\"><a href=\"https:\/\/medic-centrum.pl\/index.php\/badania\/\" class=\"elementor-sub-item menu-link\">Badania<\/a><\/li>\n\t<li class=\"menu-item menu-item-type-post_type menu-item-object-page menu-item-504\"><a href=\"https:\/\/medic-centrum.pl\/index.php\/profilaktyka\/\" class=\"elementor-sub-item menu-link\">Profilaktyka<\/a><\/li>\n\t<li class=\"menu-item menu-item-type-post_type menu-item-object-page menu-item-506\"><a href=\"https:\/\/medic-centrum.pl\/index.php\/zewnetrzne\/\" class=\"elementor-sub-item menu-link\">Transport sanitarny<\/a><\/li>\n\t<li class=\"menu-item menu-item-type-post_type menu-item-object-page menu-item-1660\"><a href=\"https:\/\/medic-centrum.pl\/index.php\/ratownictwo-medyczne\/\" class=\"elementor-sub-item menu-link\">Ratownictwo medyczne<\/a><\/li>\n\t<li class=\"menu-item menu-item-type-post_type menu-item-object-page menu-item-1661\"><a href=\"https:\/\/medic-centrum.pl\/index.php\/nocna-i-swiateczna-opieka-zdrowotna\/\" class=\"elementor-sub-item menu-link\">Nocna i \u015bwi\u0105teczna opieka zdrowotna<\/a><\/li>\n\t<li class=\"menu-item menu-item-type-post_type menu-item-object-page menu-item-734\"><a href=\"https:\/\/medic-centrum.pl\/index.php\/pliki-do-pobrania\/\" class=\"elementor-sub-item menu-link\">Pliki do pobrania<\/a><\/li>\n<\/ul>\n<\/li>\n<li class=\"menu-item menu-item-type-post_type menu-item-object-page menu-item-1628\"><a href=\"https:\/\/medic-centrum.pl\/index.php\/aktualnosci\/\" class=\"elementor-item menu-link\">Aktualno\u015bci<\/a><\/li>\n<li class=\"menu-item menu-item-type-post_type menu-item-object-page menu-item-188\"><a href=\"https:\/\/medic-centrum.pl\/index.php\/contact-us\/\" class=\"elementor-item menu-link\">Kontakt<\/a><\/li>\n<li class=\"menu-item menu-item-type-post_type menu-item-object-page menu-item-has-children menu-item-869\"><a aria-expanded=\"false\" href=\"https:\/\/medic-centrum.pl\/index.php\/umow-wizyte\/\" class=\"elementor-item menu-link\">Um\u00f3w wizyt\u0119<\/a>\n<ul class=\"sub-menu elementor-nav-menu--dropdown\">\n\t<li class=\"menu-item menu-item-type-post_type menu-item-object-page menu-item-871\"><a href=\"https:\/\/medic-centrum.pl\/index.php\/contact-us\/\" class=\"elementor-sub-item menu-link\">przez telefon<\/a><\/li>\n\t<li class=\"menu-item menu-item-type-custom menu-item-object-custom menu-item-870\"><a href=\"https:\/\/mediccentrum.epacjent.net.pl\/\" class=\"elementor-sub-item menu-link\">przez internet<\/a><\/li>\n<\/ul>\n<\/li>\n<\/ul>\t\t\t<\/nav>\n\t\t\t\t\t<div class=\"elementor-menu-toggle\" role=\"button\" tabindex=\"0\" aria-label=\"Menu Toggle\" aria-expanded=\"false\">\n\t\t\t<i aria-hidden=\"true\" role=\"presentation\" class=\"elementor-menu-toggle__icon--open eicon-menu-bar\"><\/i><i aria-hidden=\"true\" role=\"presentation\" class=\"elementor-menu-toggle__icon--close eicon-close\"><\/i>\t\t\t<span class=\"elementor-screen-only\">Menu<\/span>\n\t\t<\/div>\n\t\t\t\t\t<nav class=\"elementor-nav-menu--dropdown elementor-nav-menu__container\" aria-hidden=\"true\">\n\t\t\t\t<ul id=\"menu-2-2df7f58\" class=\"elementor-nav-menu\"><li class=\"menu-item menu-item-type-post_type menu-item-object-page menu-item-home menu-item-1311\"><a href=\"https:\/\/medic-centrum.pl\/\" class=\"elementor-item menu-link\" tabindex=\"-1\">Strona G\u0142\u00f3wna<\/a><\/li>\n<li class=\"menu-item menu-item-type-post_type menu-item-object-page menu-item-1629\"><a href=\"https:\/\/medic-centrum.pl\/index.php\/about-us\/\" class=\"elementor-item menu-link\" tabindex=\"-1\">O nas<\/a><\/li>\n<li class=\"menu-item menu-item-type-post_type menu-item-object-page menu-item-has-children menu-item-189\"><a aria-expanded=\"false\" href=\"https:\/\/medic-centrum.pl\/index.php\/services\/\" class=\"elementor-item menu-link\" tabindex=\"-1\">Us\u0142ugi<\/a>\n<ul class=\"sub-menu elementor-nav-menu--dropdown\">\n\t<li class=\"menu-item menu-item-type-post_type menu-item-object-page menu-item-503\"><a href=\"https:\/\/medic-centrum.pl\/index.php\/porady-lekarskie\/\" class=\"elementor-sub-item menu-link\" tabindex=\"-1\">Porady lekarskie<\/a><\/li>\n\t<li class=\"menu-item menu-item-type-post_type menu-item-object-page menu-item-502\"><a href=\"https:\/\/medic-centrum.pl\/index.php\/gabinet-zabiegowy-punkt-szczepien\/\" class=\"elementor-sub-item menu-link\" tabindex=\"-1\">Gabinet zabiegowy\/punkt szczepie\u0144<\/a><\/li>\n\t<li class=\"menu-item menu-item-type-post_type menu-item-object-page menu-item-505\"><a href=\"https:\/\/medic-centrum.pl\/index.php\/rehabilitacja\/\" class=\"elementor-sub-item menu-link\" tabindex=\"-1\">Rehabilitacja<\/a><\/li>\n\t<li class=\"menu-item menu-item-type-post_type menu-item-object-page menu-item-657\"><a href=\"https:\/\/medic-centrum.pl\/index.php\/badania\/\" class=\"elementor-sub-item menu-link\" tabindex=\"-1\">Badania<\/a><\/li>\n\t<li class=\"menu-item menu-item-type-post_type menu-item-object-page menu-item-504\"><a href=\"https:\/\/medic-centrum.pl\/index.php\/profilaktyka\/\" class=\"elementor-sub-item menu-link\" tabindex=\"-1\">Profilaktyka<\/a><\/li>\n\t<li class=\"menu-item menu-item-type-post_type menu-item-object-page menu-item-506\"><a href=\"https:\/\/medic-centrum.pl\/index.php\/zewnetrzne\/\" class=\"elementor-sub-item menu-link\" tabindex=\"-1\">Transport sanitarny<\/a><\/li>\n\t<li class=\"menu-item menu-item-type-post_type menu-item-object-page menu-item-1660\"><a href=\"https:\/\/medic-centrum.pl\/index.php\/ratownictwo-medyczne\/\" class=\"elementor-sub-item menu-link\" tabindex=\"-1\">Ratownictwo medyczne<\/a><\/li>\n\t<li class=\"menu-item menu-item-type-post_type menu-item-object-page menu-item-1661\"><a href=\"https:\/\/medic-centrum.pl\/index.php\/nocna-i-swiateczna-opieka-zdrowotna\/\" class=\"elementor-sub-item menu-link\" tabindex=\"-1\">Nocna i \u015bwi\u0105teczna opieka zdrowotna<\/a><\/li>\n\t<li class=\"menu-item menu-item-type-post_type menu-item-object-page menu-item-734\"><a href=\"https:\/\/medic-centrum.pl\/index.php\/pliki-do-pobrania\/\" class=\"elementor-sub-item menu-link\" tabindex=\"-1\">Pliki do pobrania<\/a><\/li>\n<\/ul>\n<\/li>\n<li class=\"menu-item menu-item-type-post_type menu-item-object-page menu-item-1628\"><a href=\"https:\/\/medic-centrum.pl\/index.php\/aktualnosci\/\" class=\"elementor-item menu-link\" tabindex=\"-1\">Aktualno\u015bci<\/a><\/li>\n<li class=\"menu-item menu-item-type-post_type menu-item-object-page menu-item-188\"><a href=\"https:\/\/medic-centrum.pl\/index.php\/contact-us\/\" class=\"elementor-item menu-link\" tabindex=\"-1\">Kontakt<\/a><\/li>\n<li class=\"menu-item menu-item-type-post_type menu-item-object-page menu-item-has-children menu-item-869\"><a aria-expanded=\"false\" href=\"https:\/\/medic-centrum.pl\/index.php\/umow-wizyte\/\" class=\"elementor-item menu-link\" tabindex=\"-1\">Um\u00f3w wizyt\u0119<\/a>\n<ul class=\"sub-menu elementor-nav-menu--dropdown\">\n\t<li class=\"menu-item menu-item-type-post_type menu-item-object-page menu-item-871\"><a href=\"https:\/\/medic-centrum.pl\/index.php\/contact-us\/\" class=\"elementor-sub-item menu-link\" tabindex=\"-1\">przez telefon<\/a><\/li>\n\t<li class=\"menu-item menu-item-type-custom menu-item-object-custom menu-item-870\"><a href=\"https:\/\/mediccentrum.epacjent.net.pl\/\" class=\"elementor-sub-item menu-link\" tabindex=\"-1\">przez internet<\/a><\/li>\n<\/ul>\n<\/li>\n<\/ul>\t\t\t<\/nav>\n\t\t\t\t\t\t<\/div>\n\t\t\t\t<\/div>\n\t\t\t\t\t<\/div>\n\t\t<\/div>\n\t\t\t\t\t<\/div>\n\t\t<\/section>\n\t\t\t\t\t<\/div>\n\t\t<\/div>\n\t\t\t\t\t<\/div>\n\t\t<\/section>\n\t\t\t\t<section class=\"elementor-section elementor-top-section elementor-element elementor-element-966c356 elementor-section-boxed elementor-section-height-default elementor-section-height-default\" data-id=\"966c356\" data-element_type=\"section\" data-e-type=\"section\">\n\t\t\t\t\t\t<div class=\"elementor-container elementor-column-gap-default\">\n\t\t\t\t\t<div class=\"elementor-column elementor-col-100 elementor-top-column elementor-element elementor-element-f900d3f\" data-id=\"f900d3f\" data-element_type=\"column\" data-e-type=\"column\">\n\t\t\t<div class=\"elementor-widget-wrap elementor-element-populated\">\n\t\t\t\t\t\t<div class=\"elementor-element elementor-element-7125c23 elementor-widget-divider--view-line elementor-widget elementor-widget-divider\" data-id=\"7125c23\" data-element_type=\"widget\" data-e-type=\"widget\" data-widget_type=\"divider.default\">\n\t\t\t\t<div class=\"elementor-widget-container\">\n\t\t\t\t\t\t\t<div class=\"elementor-divider\">\n\t\t\t<span class=\"elementor-divider-separator\">\n\t\t\t\t\t\t<\/span>\n\t\t<\/div>\n\t\t\t\t\t\t<\/div>\n\t\t\t\t<\/div>\n\t\t\t\t<div class=\"elementor-element elementor-element-f043acf elementor-widget elementor-widget-heading\" data-id=\"f043acf\" data-element_type=\"widget\" data-e-type=\"widget\" data-widget_type=\"heading.default\">\n\t\t\t\t<div class=\"elementor-widget-container\">\n\t\t\t\t\t<h2 class=\"elementor-heading-title elementor-size-default\">RATOWNICTWO MEDYCZNE<\/h2>\t\t\t\t<\/div>\n\t\t\t\t<\/div>\n\t\t\t\t<div class=\"elementor-element elementor-element-0b03611 elementor-widget elementor-widget-text-editor\" data-id=\"0b03611\" data-element_type=\"widget\" data-e-type=\"widget\" data-widget_type=\"text-editor.default\">\n\t\t\t\t<div class=\"elementor-widget-container\">\n\t\t\t\t\t\t\t\t\tSystem ratownictwa medycznego udziela pomocy ka\u017cdej osobie w stanie nag\u0142ego <br\/> zagro\u017cenia zdrowotnego kt\u00f3rym jest stan wymagaj\u0105cy udzielenia natychmiastowych <br\/> medycznych czynno\u015bci ratunkowych, w zwi\u0105zku z nag\u0142ym, lub przewidywanym w kr\u00f3tkim <br\/> czasie pojawieniem si\u0119 objaw\u00f3w pogorszenia zdrowia, kt\u00f3rego bezpo\u015brednim nast\u0119pstwem <br\/> mo\u017ce by\u0107 powa\u017cne uszkodzenie funkcji organizmu lub uszkodzenie cia\u0142a lub utrata \u017cycia.\t\t\t\t\t\t\t\t<\/div>\n\t\t\t\t<\/div>\n\t\t\t\t<div class=\"elementor-element elementor-element-0f10102 elementor-widget elementor-widget-text-editor\" data-id=\"0f10102\" data-element_type=\"widget\" data-e-type=\"widget\" data-widget_type=\"text-editor.default\">\n\t\t\t\t<div class=\"elementor-widget-container\">\n\t\t\t\t\t\t\t\t\t<p>Aby wezwa\u0107 zesp\u00f3\u0142 ratownictwa medycznego nale\u017cy zadzwoni\u0107 na numer\u00a0<b>999<\/b>\u00a0lub<b>\u00a0112.<\/b><\/p>\t\t\t\t\t\t\t\t<\/div>\n\t\t\t\t<\/div>\n\t\t\t\t<div class=\"elementor-element elementor-element-3c407ef elementor-widget elementor-widget-text-editor\" data-id=\"3c407ef\" data-element_type=\"widget\" data-e-type=\"widget\" data-widget_type=\"text-editor.default\">\n\t\t\t\t<div class=\"elementor-widget-container\">\n\t\t\t\t\t\t\t\t\tMo\u017ce to zrobi\u0107 ka\u017cdy, kto zauwa\u017cy osob\u0119 lub osoby znajduj\u0105ce si\u0119 w stanie nag\u0142ego <br\/> zagro\u017cenia zdrowotnego lub jest \u015bwiadkiem zdarzenia powoduj\u0105cego taki stan.\t\t\t\t\t\t\t\t<\/div>\n\t\t\t\t<\/div>\n\t\t\t\t<div class=\"elementor-element elementor-element-1e70862 elementor-widget elementor-widget-heading\" data-id=\"1e70862\" data-element_type=\"widget\" data-e-type=\"widget\" data-widget_type=\"heading.default\">\n\t\t\t\t<div class=\"elementor-widget-container\">\n\t\t\t\t\t<h3 class=\"elementor-heading-title elementor-size-default\">Wi\u0119cej informacji dotycz\u0105cych kiedy wezwa\u0107 zesp\u00f3\u0142 pogotowia ratunkowego znajdziesz na:<\/h3>\t\t\t\t<\/div>\n\t\t\t\t<\/div>\n\t\t\t\t<div class=\"elementor-element elementor-element-2ad9bba elementor-widget elementor-widget-text-editor\" data-id=\"2ad9bba\" data-element_type=\"widget\" data-e-type=\"widget\" data-widget_type=\"text-editor.default\">\n\t\t\t\t<div class=\"elementor-widget-container\">\n\t\t\t\t\t\t\t\t\t<p lang=\"en-US\"><a href=\"https:\/\/www.nfz-lodz.pl\/dlapacjentow\/jak-sie-leczyc\/1689-kiedy-skorzysta-z-nocnej-pomocy#SRM\"><strong>https:\/\/www.nfz-lodz.pl\/dlapacjentow\/jak-sie-leczyc\/1689-kiedy-skorzysta-z-nocnej-pomocy#SRM<\/strong><\/a><\/p>\t\t\t\t\t\t\t\t<\/div>\n\t\t\t\t<\/div>\n\t\t\t\t\t<\/div>\n\t\t<\/div>\n\t\t\t\t\t<\/div>\n\t\t<\/section>\n\t\t\t\t<\/div>\n\t\t","protected":false},"excerpt":{"rendered":"<p>Rejestracja tel: 42 652 07 20 tel: 721 181 465 RATOWNICTWO MEDYCZNE System ratownictwa medycznego udziela pomocy ka\u017cdej osobie w stanie nag\u0142ego zagro\u017cenia zdrowotnego kt\u00f3rym jest stan wymagaj\u0105cy udzielenia natychmiastowych medycznych czynno\u015bci ratunkowych, w zwi\u0105zku z nag\u0142ym, lub przewidywanym w kr\u00f3tkim czasie pojawieniem si\u0119 objaw\u00f3w pogorszenia zdrowia, kt\u00f3rego bezpo\u015brednim nast\u0119pstwem mo\u017ce by\u0107 powa\u017cne uszkodzenie funkcji [&hellip;]<\/p>\n","protected":false},"author":1,"featured_media":0,"parent":0,"menu_order":0,"comment_status":"closed","ping_status":"closed","template":"","meta":{"site-sidebar-layout":"no-sidebar","site-content-layout":"page-builder","ast-site-content-layout":"default","site-content-style":"default","site-sidebar-style":"default","ast-global-header-display":"","ast-banner-title-visibility":"","ast-main-header-display":"","ast-hfb-above-header-display":"","ast-hfb-below-header-display":"","ast-hfb-mobile-header-display":"","site-post-title":"disabled","ast-breadcrumbs-content":"","ast-featured-img":"disabled","footer-sml-layout":"","ast-disable-related-posts":"","theme-transparent-header-meta":"","adv-header-id-meta":"","stick-header-meta":"","header-above-stick-meta":"","header-main-stick-meta":"","header-below-stick-meta":"","astra-migrate-meta-layouts":"default","ast-page-background-enabled":"default","ast-page-background-meta":{"desktop":{"background-color":"","background-image":"","background-repeat":"repeat","background-position":"center center","background-size":"auto","background-attachment":"scroll","background-type":"","background-media":"","overlay-type":"","overlay-color":"","overlay-opacity":"","overlay-gradient":""},"tablet":{"background-color":"","background-image":"","background-repeat":"repeat","background-position":"center center","background-size":"auto","background-attachment":"scroll","background-type":"","background-media":"","overlay-type":"","overlay-color":"","overlay-opacity":"","overlay-gradient":""},"mobile":{"background-color":"","background-image":"","background-repeat":"repeat","background-position":"center center","background-size":"auto","background-attachment":"scroll","background-type":"","background-media":"","overlay-type":"","overlay-color":"","overlay-opacity":"","overlay-gradient":""}},"ast-content-background-meta":{"desktop":{"background-color":"var(--ast-global-color-5)","background-image":"","background-repeat":"repeat","background-position":"center center","background-size":"auto","background-attachment":"scroll","background-type":"","background-media":"","overlay-type":"","overlay-color":"","overlay-opacity":"","overlay-gradient":""},"tablet":{"background-color":"var(--ast-global-color-5)","background-image":"","background-repeat":"repeat","background-position":"center center","background-size":"auto","background-attachment":"scroll","background-type":"","background-media":"","overlay-type":"","overlay-color":"","overlay-opacity":"","overlay-gradient":""},"mobile":{"background-color":"var(--ast-global-color-5)","background-image":"","background-repeat":"repeat","background-position":"center center","background-size":"auto","background-attachment":"scroll","background-type":"","background-media":"","overlay-type":"","overlay-color":"","overlay-opacity":"","overlay-gradient":""}},"footnotes":""},"class_list":["post-1642","page","type-page","status-publish","hentry"],"_links":{"self":[{"href":"https:\/\/medic-centrum.pl\/index.php\/wp-json\/wp\/v2\/pages\/1642","targetHints":{"allow":["GET"]}}],"collection":[{"href":"https:\/\/medic-centrum.pl\/index.php\/wp-json\/wp\/v2\/pages"}],"about":[{"href":"https:\/\/medic-centrum.pl\/index.php\/wp-json\/wp\/v2\/types\/page"}],"author":[{"embeddable":true,"href":"https:\/\/medic-centrum.pl\/index.php\/wp-json\/wp\/v2\/users\/1"}],"replies":[{"embeddable":true,"href":"https:\/\/medic-centrum.pl\/index.php\/wp-json\/wp\/v2\/comments?post=1642"}],"version-history":[{"count":29,"href":"https:\/\/medic-centrum.pl\/index.php\/wp-json\/wp\/v2\/pages\/1642\/revisions"}],"predecessor-version":[{"id":2154,"href":"https:\/\/medic-centrum.pl\/index.php\/wp-json\/wp\/v2\/pages\/1642\/revisions\/2154"}],"wp:attachment":[{"href":"https:\/\/medic-centrum.pl\/index.php\/wp-json\/wp\/v2\/media?parent=1642"}],"curies":[{"name":"wp","href":"https:\/\/api.w.org\/{rel}","templated":true}]}}