{"id":1290,"date":"2022-12-21T19:11:10","date_gmt":"2022-12-21T18:11:10","guid":{"rendered":"https:\/\/medic-centrum.pl\/?page_id=1290"},"modified":"2023-02-02T11:40:59","modified_gmt":"2023-02-02T10:40:59","slug":"nocna-i-swiateczna-opieka-zdrowotna","status":"publish","type":"page","link":"https:\/\/medic-centrum.pl\/index.php\/nocna-i-swiateczna-opieka-zdrowotna\/","title":{"rendered":"Nocna i \u015bwi\u0105teczna opieka zdrowotna"},"content":{"rendered":"\t\t<div data-elementor-type=\"wp-page\" data-elementor-id=\"1290\" class=\"elementor elementor-1290\" data-elementor-post-type=\"page\">\n\t\t\t\t\t\t<section class=\"elementor-section elementor-top-section elementor-element elementor-element-4bf25cd elementor-section-full_width elementor-section-content-middle elementor-section-height-default elementor-section-height-default\" data-id=\"4bf25cd\" data-element_type=\"section\" data-e-type=\"section\" data-settings=\"{&quot;background_background&quot;:&quot;classic&quot;}\">\n\t\t\t\t\t\t<div class=\"elementor-container elementor-column-gap-no\">\n\t\t\t\t\t<div class=\"elementor-column elementor-col-100 elementor-top-column elementor-element elementor-element-50d1b63\" data-id=\"50d1b63\" data-element_type=\"column\" data-e-type=\"column\">\n\t\t\t<div class=\"elementor-widget-wrap elementor-element-populated\">\n\t\t\t\t\t\t<section class=\"elementor-section elementor-inner-section elementor-element elementor-element-5e8ae48 elementor-section-boxed elementor-section-height-default elementor-section-height-default\" data-id=\"5e8ae48\" data-element_type=\"section\" data-e-type=\"section\">\n\t\t\t\t\t\t<div class=\"elementor-container elementor-column-gap-default\">\n\t\t\t\t\t<div class=\"elementor-column elementor-col-50 elementor-inner-column elementor-element elementor-element-140f443\" data-id=\"140f443\" data-element_type=\"column\" data-e-type=\"column\">\n\t\t\t<div class=\"elementor-widget-wrap elementor-element-populated\">\n\t\t\t\t\t\t<div class=\"elementor-element elementor-element-db4c412 elementor-widget elementor-widget-image\" data-id=\"db4c412\" data-element_type=\"widget\" data-e-type=\"widget\" data-widget_type=\"image.default\">\n\t\t\t\t<div class=\"elementor-widget-container\">\n\t\t\t\t\t\t\t\t\t\t\t\t\t\t\t\t<a href=\"https:\/\/medic-centrum.pl\">\n\t\t\t\t\t\t\t<img fetchpriority=\"high\" decoding=\"async\" width=\"1024\" height=\"348\" src=\"https:\/\/medic-centrum.pl\/wp-content\/uploads\/2022\/12\/Medic_Centrum_Logo-1024x348.png\" class=\"attachment-large size-large wp-image-1107\" alt=\"\" srcset=\"https:\/\/medic-centrum.pl\/wp-content\/uploads\/2022\/12\/Medic_Centrum_Logo-1024x348.png 1024w, https:\/\/medic-centrum.pl\/wp-content\/uploads\/2022\/12\/Medic_Centrum_Logo-300x102.png 300w, https:\/\/medic-centrum.pl\/wp-content\/uploads\/2022\/12\/Medic_Centrum_Logo-768x261.png 768w, https:\/\/medic-centrum.pl\/wp-content\/uploads\/2022\/12\/Medic_Centrum_Logo.png 1370w\" sizes=\"(max-width: 1024px) 100vw, 1024px\" \/>\t\t\t\t\t\t\t\t<\/a>\n\t\t\t\t\t\t\t\t\t\t\t\t\t\t\t<\/div>\n\t\t\t\t<\/div>\n\t\t\t\t\t<\/div>\n\t\t<\/div>\n\t\t\t\t<div class=\"elementor-column elementor-col-50 elementor-inner-column elementor-element elementor-element-26169fd\" data-id=\"26169fd\" data-element_type=\"column\" data-e-type=\"column\">\n\t\t\t<div class=\"elementor-widget-wrap elementor-element-populated\">\n\t\t\t\t\t\t<div class=\"elementor-element elementor-element-53945f5 elementor-icon-list--layout-inline elementor-align-end elementor-list-item-link-full_width elementor-widget elementor-widget-icon-list\" data-id=\"53945f5\" data-element_type=\"widget\" data-e-type=\"widget\" data-widget_type=\"icon-list.default\">\n\t\t\t\t<div class=\"elementor-widget-container\">\n\t\t\t\t\t\t\t<ul class=\"elementor-icon-list-items elementor-inline-items\">\n\t\t\t\t\t\t\t<li class=\"elementor-icon-list-item elementor-inline-item\">\n\t\t\t\t\t\t\t\t\t\t\t<span class=\"elementor-icon-list-icon\">\n\t\t\t\t\t\t\t<i aria-hidden=\"true\" class=\"fas fa-caret-right\"><\/i>\t\t\t\t\t\t<\/span>\n\t\t\t\t\t\t\t\t\t\t<span class=\"elementor-icon-list-text\">Rejestracja<\/span>\n\t\t\t\t\t\t\t\t\t<\/li>\n\t\t\t\t\t\t\t\t<li class=\"elementor-icon-list-item elementor-inline-item\">\n\t\t\t\t\t\t\t\t\t\t\t<a href=\"tel:426520720\">\n\n\t\t\t\t\t\t\t\t\t\t\t<span class=\"elementor-icon-list-text\">tel: 42 652 07 20<\/span>\n\t\t\t\t\t\t\t\t\t\t\t<\/a>\n\t\t\t\t\t\t\t\t\t<\/li>\n\t\t\t\t\t\t\t\t<li class=\"elementor-icon-list-item elementor-inline-item\">\n\t\t\t\t\t\t\t\t\t\t\t<a href=\"tel:721181465\">\n\n\t\t\t\t\t\t\t\t\t\t\t<span class=\"elementor-icon-list-text\">tel: 721 181 465<\/span>\n\t\t\t\t\t\t\t\t\t\t\t<\/a>\n\t\t\t\t\t\t\t\t\t<\/li>\n\t\t\t\t\t\t<\/ul>\n\t\t\t\t\t\t<\/div>\n\t\t\t\t<\/div>\n\t\t\t\t<div class=\"elementor-element elementor-element-d58ae54 elementor-widget-divider--view-line elementor-widget elementor-widget-divider\" data-id=\"d58ae54\" data-element_type=\"widget\" data-e-type=\"widget\" data-widget_type=\"divider.default\">\n\t\t\t\t<div class=\"elementor-widget-container\">\n\t\t\t\t\t\t\t<div class=\"elementor-divider\">\n\t\t\t<span class=\"elementor-divider-separator\">\n\t\t\t\t\t\t<\/span>\n\t\t<\/div>\n\t\t\t\t\t\t<\/div>\n\t\t\t\t<\/div>\n\t\t\t\t<div class=\"elementor-element elementor-element-bacc4c7 elementor-nav-menu__align-end elementor-nav-menu--dropdown-mobile elementor-nav-menu__text-align-aside elementor-nav-menu--toggle elementor-nav-menu--burger elementor-widget elementor-widget-nav-menu\" data-id=\"bacc4c7\" data-element_type=\"widget\" data-e-type=\"widget\" data-settings=\"{&quot;layout&quot;:&quot;horizontal&quot;,&quot;submenu_icon&quot;:{&quot;value&quot;:&quot;&lt;i class=\\&quot;fas fa-caret-down\\&quot;&gt;&lt;\\\/i&gt;&quot;,&quot;library&quot;:&quot;fa-solid&quot;},&quot;toggle&quot;:&quot;burger&quot;}\" data-widget_type=\"nav-menu.default\">\n\t\t\t\t<div class=\"elementor-widget-container\">\n\t\t\t\t\t\t\t\t<nav class=\"elementor-nav-menu--main elementor-nav-menu__container elementor-nav-menu--layout-horizontal e--pointer-underline e--animation-fade\">\n\t\t\t\t<ul id=\"menu-1-bacc4c7\" class=\"elementor-nav-menu\"><li class=\"menu-item menu-item-type-post_type menu-item-object-page menu-item-home menu-item-1311\"><a href=\"https:\/\/medic-centrum.pl\/\" class=\"elementor-item menu-link\">Strona G\u0142\u00f3wna<\/a><\/li>\n<li class=\"menu-item menu-item-type-post_type menu-item-object-page menu-item-1629\"><a href=\"https:\/\/medic-centrum.pl\/index.php\/about-us\/\" class=\"elementor-item menu-link\">O nas<\/a><\/li>\n<li class=\"menu-item menu-item-type-post_type menu-item-object-page menu-item-has-children menu-item-189\"><a aria-expanded=\"false\" href=\"https:\/\/medic-centrum.pl\/index.php\/services\/\" class=\"elementor-item menu-link\">Us\u0142ugi<\/a>\n<ul class=\"sub-menu elementor-nav-menu--dropdown\">\n\t<li class=\"menu-item menu-item-type-post_type menu-item-object-page menu-item-503\"><a href=\"https:\/\/medic-centrum.pl\/index.php\/porady-lekarskie\/\" class=\"elementor-sub-item menu-link\">Porady lekarskie<\/a><\/li>\n\t<li class=\"menu-item menu-item-type-post_type menu-item-object-page menu-item-502\"><a href=\"https:\/\/medic-centrum.pl\/index.php\/gabinet-zabiegowy-punkt-szczepien\/\" class=\"elementor-sub-item menu-link\">Gabinet zabiegowy\/punkt szczepie\u0144<\/a><\/li>\n\t<li class=\"menu-item menu-item-type-post_type menu-item-object-page menu-item-505\"><a href=\"https:\/\/medic-centrum.pl\/index.php\/rehabilitacja\/\" class=\"elementor-sub-item menu-link\">Rehabilitacja<\/a><\/li>\n\t<li class=\"menu-item menu-item-type-post_type menu-item-object-page menu-item-657\"><a href=\"https:\/\/medic-centrum.pl\/index.php\/badania\/\" class=\"elementor-sub-item menu-link\">Badania<\/a><\/li>\n\t<li class=\"menu-item menu-item-type-post_type menu-item-object-page menu-item-504\"><a href=\"https:\/\/medic-centrum.pl\/index.php\/profilaktyka\/\" class=\"elementor-sub-item menu-link\">Profilaktyka<\/a><\/li>\n\t<li class=\"menu-item menu-item-type-post_type menu-item-object-page menu-item-506\"><a href=\"https:\/\/medic-centrum.pl\/index.php\/zewnetrzne\/\" class=\"elementor-sub-item menu-link\">Transport sanitarny<\/a><\/li>\n\t<li class=\"menu-item menu-item-type-post_type menu-item-object-page menu-item-1660\"><a href=\"https:\/\/medic-centrum.pl\/index.php\/ratownictwo-medyczne\/\" class=\"elementor-sub-item menu-link\">Ratownictwo medyczne<\/a><\/li>\n\t<li class=\"menu-item menu-item-type-post_type menu-item-object-page menu-item-1661\"><a href=\"https:\/\/medic-centrum.pl\/index.php\/nocna-i-swiateczna-opieka-zdrowotna\/\" class=\"elementor-sub-item menu-link\">Nocna i \u015bwi\u0105teczna opieka zdrowotna<\/a><\/li>\n\t<li class=\"menu-item menu-item-type-post_type menu-item-object-page menu-item-734\"><a href=\"https:\/\/medic-centrum.pl\/index.php\/pliki-do-pobrania\/\" class=\"elementor-sub-item menu-link\">Pliki do pobrania<\/a><\/li>\n<\/ul>\n<\/li>\n<li class=\"menu-item menu-item-type-post_type menu-item-object-page menu-item-1628\"><a href=\"https:\/\/medic-centrum.pl\/index.php\/aktualnosci\/\" class=\"elementor-item menu-link\">Aktualno\u015bci<\/a><\/li>\n<li class=\"menu-item menu-item-type-post_type menu-item-object-page menu-item-188\"><a href=\"https:\/\/medic-centrum.pl\/index.php\/contact-us\/\" class=\"elementor-item menu-link\">Kontakt<\/a><\/li>\n<li class=\"menu-item menu-item-type-post_type menu-item-object-page menu-item-has-children menu-item-869\"><a aria-expanded=\"false\" href=\"https:\/\/medic-centrum.pl\/index.php\/umow-wizyte\/\" class=\"elementor-item menu-link\">Um\u00f3w wizyt\u0119<\/a>\n<ul class=\"sub-menu elementor-nav-menu--dropdown\">\n\t<li class=\"menu-item menu-item-type-post_type menu-item-object-page menu-item-871\"><a href=\"https:\/\/medic-centrum.pl\/index.php\/contact-us\/\" class=\"elementor-sub-item menu-link\">przez telefon<\/a><\/li>\n\t<li class=\"menu-item menu-item-type-custom menu-item-object-custom menu-item-870\"><a href=\"https:\/\/mediccentrum.epacjent.net.pl\/\" class=\"elementor-sub-item menu-link\">przez internet<\/a><\/li>\n<\/ul>\n<\/li>\n<\/ul>\t\t\t<\/nav>\n\t\t\t\t\t<div class=\"elementor-menu-toggle\" role=\"button\" tabindex=\"0\" aria-label=\"Menu Toggle\" aria-expanded=\"false\">\n\t\t\t<i aria-hidden=\"true\" role=\"presentation\" class=\"elementor-menu-toggle__icon--open eicon-menu-bar\"><\/i><i aria-hidden=\"true\" role=\"presentation\" class=\"elementor-menu-toggle__icon--close eicon-close\"><\/i>\t\t\t<span class=\"elementor-screen-only\">Menu<\/span>\n\t\t<\/div>\n\t\t\t\t\t<nav class=\"elementor-nav-menu--dropdown elementor-nav-menu__container\" aria-hidden=\"true\">\n\t\t\t\t<ul id=\"menu-2-bacc4c7\" class=\"elementor-nav-menu\"><li class=\"menu-item menu-item-type-post_type menu-item-object-page menu-item-home menu-item-1311\"><a href=\"https:\/\/medic-centrum.pl\/\" class=\"elementor-item menu-link\" tabindex=\"-1\">Strona G\u0142\u00f3wna<\/a><\/li>\n<li class=\"menu-item menu-item-type-post_type menu-item-object-page menu-item-1629\"><a href=\"https:\/\/medic-centrum.pl\/index.php\/about-us\/\" class=\"elementor-item menu-link\" tabindex=\"-1\">O nas<\/a><\/li>\n<li class=\"menu-item menu-item-type-post_type menu-item-object-page menu-item-has-children menu-item-189\"><a aria-expanded=\"false\" href=\"https:\/\/medic-centrum.pl\/index.php\/services\/\" class=\"elementor-item menu-link\" tabindex=\"-1\">Us\u0142ugi<\/a>\n<ul class=\"sub-menu elementor-nav-menu--dropdown\">\n\t<li class=\"menu-item menu-item-type-post_type menu-item-object-page menu-item-503\"><a href=\"https:\/\/medic-centrum.pl\/index.php\/porady-lekarskie\/\" class=\"elementor-sub-item menu-link\" tabindex=\"-1\">Porady lekarskie<\/a><\/li>\n\t<li class=\"menu-item menu-item-type-post_type menu-item-object-page menu-item-502\"><a href=\"https:\/\/medic-centrum.pl\/index.php\/gabinet-zabiegowy-punkt-szczepien\/\" class=\"elementor-sub-item menu-link\" tabindex=\"-1\">Gabinet zabiegowy\/punkt szczepie\u0144<\/a><\/li>\n\t<li class=\"menu-item menu-item-type-post_type menu-item-object-page menu-item-505\"><a href=\"https:\/\/medic-centrum.pl\/index.php\/rehabilitacja\/\" class=\"elementor-sub-item menu-link\" tabindex=\"-1\">Rehabilitacja<\/a><\/li>\n\t<li class=\"menu-item menu-item-type-post_type menu-item-object-page menu-item-657\"><a href=\"https:\/\/medic-centrum.pl\/index.php\/badania\/\" class=\"elementor-sub-item menu-link\" tabindex=\"-1\">Badania<\/a><\/li>\n\t<li class=\"menu-item menu-item-type-post_type menu-item-object-page menu-item-504\"><a href=\"https:\/\/medic-centrum.pl\/index.php\/profilaktyka\/\" class=\"elementor-sub-item menu-link\" tabindex=\"-1\">Profilaktyka<\/a><\/li>\n\t<li class=\"menu-item menu-item-type-post_type menu-item-object-page menu-item-506\"><a href=\"https:\/\/medic-centrum.pl\/index.php\/zewnetrzne\/\" class=\"elementor-sub-item menu-link\" tabindex=\"-1\">Transport sanitarny<\/a><\/li>\n\t<li class=\"menu-item menu-item-type-post_type menu-item-object-page menu-item-1660\"><a href=\"https:\/\/medic-centrum.pl\/index.php\/ratownictwo-medyczne\/\" class=\"elementor-sub-item menu-link\" tabindex=\"-1\">Ratownictwo medyczne<\/a><\/li>\n\t<li class=\"menu-item menu-item-type-post_type menu-item-object-page menu-item-1661\"><a href=\"https:\/\/medic-centrum.pl\/index.php\/nocna-i-swiateczna-opieka-zdrowotna\/\" class=\"elementor-sub-item menu-link\" tabindex=\"-1\">Nocna i \u015bwi\u0105teczna opieka zdrowotna<\/a><\/li>\n\t<li class=\"menu-item menu-item-type-post_type menu-item-object-page menu-item-734\"><a href=\"https:\/\/medic-centrum.pl\/index.php\/pliki-do-pobrania\/\" class=\"elementor-sub-item menu-link\" tabindex=\"-1\">Pliki do pobrania<\/a><\/li>\n<\/ul>\n<\/li>\n<li class=\"menu-item menu-item-type-post_type menu-item-object-page menu-item-1628\"><a href=\"https:\/\/medic-centrum.pl\/index.php\/aktualnosci\/\" class=\"elementor-item menu-link\" tabindex=\"-1\">Aktualno\u015bci<\/a><\/li>\n<li class=\"menu-item menu-item-type-post_type menu-item-object-page menu-item-188\"><a href=\"https:\/\/medic-centrum.pl\/index.php\/contact-us\/\" class=\"elementor-item menu-link\" tabindex=\"-1\">Kontakt<\/a><\/li>\n<li class=\"menu-item menu-item-type-post_type menu-item-object-page menu-item-has-children menu-item-869\"><a aria-expanded=\"false\" href=\"https:\/\/medic-centrum.pl\/index.php\/umow-wizyte\/\" class=\"elementor-item menu-link\" tabindex=\"-1\">Um\u00f3w wizyt\u0119<\/a>\n<ul class=\"sub-menu elementor-nav-menu--dropdown\">\n\t<li class=\"menu-item menu-item-type-post_type menu-item-object-page menu-item-871\"><a href=\"https:\/\/medic-centrum.pl\/index.php\/contact-us\/\" class=\"elementor-sub-item menu-link\" tabindex=\"-1\">przez telefon<\/a><\/li>\n\t<li class=\"menu-item menu-item-type-custom menu-item-object-custom menu-item-870\"><a href=\"https:\/\/mediccentrum.epacjent.net.pl\/\" class=\"elementor-sub-item menu-link\" tabindex=\"-1\">przez internet<\/a><\/li>\n<\/ul>\n<\/li>\n<\/ul>\t\t\t<\/nav>\n\t\t\t\t\t\t<\/div>\n\t\t\t\t<\/div>\n\t\t\t\t\t<\/div>\n\t\t<\/div>\n\t\t\t\t\t<\/div>\n\t\t<\/section>\n\t\t\t\t\t<\/div>\n\t\t<\/div>\n\t\t\t\t\t<\/div>\n\t\t<\/section>\n\t\t\t\t<section class=\"elementor-section elementor-top-section elementor-element elementor-element-5fda3ad elementor-section-boxed elementor-section-height-default elementor-section-height-default\" data-id=\"5fda3ad\" data-element_type=\"section\" data-e-type=\"section\">\n\t\t\t\t\t\t<div class=\"elementor-container elementor-column-gap-default\">\n\t\t\t\t\t<div class=\"elementor-column elementor-col-100 elementor-top-column elementor-element elementor-element-35e2488\" data-id=\"35e2488\" data-element_type=\"column\" data-e-type=\"column\">\n\t\t\t<div class=\"elementor-widget-wrap elementor-element-populated\">\n\t\t\t\t\t\t<div class=\"elementor-element elementor-element-7d4b6c2 elementor-widget-divider--view-line elementor-widget elementor-widget-divider\" data-id=\"7d4b6c2\" data-element_type=\"widget\" data-e-type=\"widget\" data-widget_type=\"divider.default\">\n\t\t\t\t<div class=\"elementor-widget-container\">\n\t\t\t\t\t\t\t<div class=\"elementor-divider\">\n\t\t\t<span class=\"elementor-divider-separator\">\n\t\t\t\t\t\t<\/span>\n\t\t<\/div>\n\t\t\t\t\t\t<\/div>\n\t\t\t\t<\/div>\n\t\t\t\t<div class=\"elementor-element elementor-element-1d3abca elementor-widget elementor-widget-heading\" data-id=\"1d3abca\" data-element_type=\"widget\" data-e-type=\"widget\" data-widget_type=\"heading.default\">\n\t\t\t\t<div class=\"elementor-widget-container\">\n\t\t\t\t\t<h2 class=\"elementor-heading-title elementor-size-default\">NOCNA I \u015aWI\u0104TECZNA OPIEKA ZDROWOTNA<\/h2>\t\t\t\t<\/div>\n\t\t\t\t<\/div>\n\t\t\t\t<div class=\"elementor-element elementor-element-2a5b0e9 elementor-widget elementor-widget-text-editor\" data-id=\"2a5b0e9\" data-element_type=\"widget\" data-e-type=\"widget\" data-widget_type=\"text-editor.default\">\n\t\t\t\t<div class=\"elementor-widget-container\">\n\t\t\t\t\t\t\t\t\tPoradnie nocnej i \u015bwi\u0105tecznej opieki zdrowotnej udzielaj\u0105 pomocy\u00a0<b>od poniedzia\u0142ku do <br\/> pi\u0105tku w godz. 18:00-8:00 dnia nast\u0119pnego oraz ca\u0142odobowo w soboty, niedziele i inne <br\/> dni ustawowo wolne od pracy<\/b> w formie nocnej i\u00a0\u015bwi\u0105tecznej pomocy ambulatoryjnej <br\/>oraz wyjazdowej opieki lekarskiej i piel\u0119gniarskiej.\t\t\t\t\t\t\t\t<\/div>\n\t\t\t\t<\/div>\n\t\t\t\t<div class=\"elementor-element elementor-element-26c2e30 elementor-widget elementor-widget-text-editor\" data-id=\"26c2e30\" data-element_type=\"widget\" data-e-type=\"widget\" data-widget_type=\"text-editor.default\">\n\t\t\t\t<div class=\"elementor-widget-container\">\n\t\t\t\t\t\t\t\t\t<p lang=\"en-US\">Pacjent mo\u017ce skorzysta\u0107 z poradni nocnej i \u015bwi\u0105tecznej opieki zdrowotnej <b>w ka\u017cdej<br \/>przychodni<\/b>, kt\u00f3ra udziela takiej pomocy,\u00a0tam gdzie ma najbli\u017cej, bez wzgl\u0119du na miejsce<br \/>zamieszkania. <br \/>Z pomocy w poradni nocnej i \u015bwi\u0105tecznej opieki zdrowotnej pacjent mo\u017ce skorzysta\u0107 <br \/>w razie nag\u0142ego zachorowania lub pogorszenia stanu zdrowia, gdy nie ma objaw\u00f3w <br \/>sugeruj\u0105cych bezpo\u015brednie zagro\u017cenie \u017cycia, a\u00a0zastosowane \u015brodki domowe lub leki <br \/>dost\u0119pne bez recepty nie przynios\u0142y spodziewanej poprawy. Je\u015bli jest taka potrzeba, <br \/>poradnia nocnej i \u015bwi\u0105tecznej opieki zdrowotnej\u00a0<b>ma obowi\u0105zek<\/b>\u00a0wyda\u0107 pacjentowi <br \/>zwolnienie lekarskie.<\/p>\t\t\t\t\t\t\t\t<\/div>\n\t\t\t\t<\/div>\n\t\t\t\t<div class=\"elementor-element elementor-element-f556571 elementor-widget elementor-widget-text-editor\" data-id=\"f556571\" data-element_type=\"widget\" data-e-type=\"widget\" data-widget_type=\"text-editor.default\">\n\t\t\t\t<div class=\"elementor-widget-container\">\n\t\t\t\t\t\t\t\t\t<p lang=\"en-US\">Najbli\u017csza poradnia nocnej i \u015bwi\u0105tecznej opieki zdrowotnej\u00a0:<br \/>CENTRA MEDYCZNE MEDYCEUSZ <b>tel.: 42\u00a0657-41-25<\/b><br \/>ul.Gustawa Herlinga-Grudzi\u0144skiego 61, 91-498, \u0141\u00f3d\u017a (dawniej ulica Studzi\u0144skiego\u00a061)<\/p>\t\t\t\t\t\t\t\t<\/div>\n\t\t\t\t<\/div>\n\t\t\t\t<div class=\"elementor-element elementor-element-d6e45cf elementor-widget elementor-widget-heading\" data-id=\"d6e45cf\" data-element_type=\"widget\" data-e-type=\"widget\" data-widget_type=\"heading.default\">\n\t\t\t\t<div class=\"elementor-widget-container\">\n\t\t\t\t\t<h3 class=\"elementor-heading-title elementor-size-default\">List\u0119 plac\u00f3wek nocnej i \u015bwi\u0105tecznej opieki zdrowotnej\u00a0znajdziesz na:<\/h3>\t\t\t\t<\/div>\n\t\t\t\t<\/div>\n\t\t\t\t<div class=\"elementor-element elementor-element-213e6fa elementor-widget elementor-widget-text-editor\" data-id=\"213e6fa\" data-element_type=\"widget\" data-e-type=\"widget\" data-widget_type=\"text-editor.default\">\n\t\t\t\t<div class=\"elementor-widget-container\">\n\t\t\t\t\t\t\t\t\t<p><a href=\"https:\/\/www.nfz-lodz.pl\/dlapacjentow\/aktualnosci\/7777-nocna-i-swiateczna-opieka-zdrowotna-w-lodzkiem-od-1-pazdziernika-2017-r\"><strong>https:\/\/www.nfz-lodz.pl\/dlapacjentow\/aktualnosci\/7777-nocna-i-swiateczna-opieka-zdrowotna-w-lodzkiem-od-1-pazdziernika-2017-r<\/strong><\/a><\/p>\t\t\t\t\t\t\t\t<\/div>\n\t\t\t\t<\/div>\n\t\t\t\t<div class=\"elementor-element elementor-element-b28b4c2 elementor-widget elementor-widget-heading\" data-id=\"b28b4c2\" data-element_type=\"widget\" data-e-type=\"widget\" data-widget_type=\"heading.default\">\n\t\t\t\t<div class=\"elementor-widget-container\">\n\t\t\t\t\t<h3 class=\"elementor-heading-title elementor-size-default\">Wi\u0119cej informacji dotycz\u0105cych kiedy skorzysta\u0107 z pomocy lekarza i piel\u0119gniarki <br \/> nocnej i \u015bwi\u0105tecznej opieki zdrowotnej znajdziesz na:<\/h3>\t\t\t\t<\/div>\n\t\t\t\t<\/div>\n\t\t\t\t<div class=\"elementor-element elementor-element-8f65220 elementor-widget elementor-widget-text-editor\" data-id=\"8f65220\" data-element_type=\"widget\" data-e-type=\"widget\" data-widget_type=\"text-editor.default\">\n\t\t\t\t<div class=\"elementor-widget-container\">\n\t\t\t\t\t\t\t\t\t<p><a href=\"https:\/\/www.nfz-lodz.pl\/dlapacjentow\/jak-sie-leczyc\/1689-kiedy-skorzysta-z-nocnej-pomocy#NSOZ\"><strong>https:\/\/www.nfz-lodz.pl\/dlapacjentow\/jak-sie-leczyc\/1689-kiedy-skorzysta-z-nocnej-pomocy#NSOZ<\/strong><\/a><\/p>\t\t\t\t\t\t\t\t<\/div>\n\t\t\t\t<\/div>\n\t\t\t\t\t<\/div>\n\t\t<\/div>\n\t\t\t\t\t<\/div>\n\t\t<\/section>\n\t\t\t\t<\/div>\n\t\t","protected":false},"excerpt":{"rendered":"<p>Rejestracja tel: 42 652 07 20 tel: 721 181 465 NOCNA I \u015aWI\u0104TECZNA OPIEKA ZDROWOTNA Poradnie nocnej i \u015bwi\u0105tecznej opieki zdrowotnej udzielaj\u0105 pomocy\u00a0od poniedzia\u0142ku do pi\u0105tku w godz. 18:00-8:00 dnia nast\u0119pnego oraz ca\u0142odobowo w soboty, niedziele i inne dni ustawowo wolne od pracy w formie nocnej i\u00a0\u015bwi\u0105tecznej pomocy ambulatoryjnej oraz wyjazdowej opieki lekarskiej i piel\u0119gniarskiej. [&hellip;]<\/p>\n","protected":false},"author":1,"featured_media":0,"parent":0,"menu_order":0,"comment_status":"closed","ping_status":"closed","template":"","meta":{"site-sidebar-layout":"no-sidebar","site-content-layout":"page-builder","ast-site-content-layout":"default","site-content-style":"default","site-sidebar-style":"default","ast-global-header-display":"","ast-banner-title-visibility":"","ast-main-header-display":"","ast-hfb-above-header-display":"","ast-hfb-below-header-display":"","ast-hfb-mobile-header-display":"","site-post-title":"disabled","ast-breadcrumbs-content":"","ast-featured-img":"disabled","footer-sml-layout":"","ast-disable-related-posts":"","theme-transparent-header-meta":"","adv-header-id-meta":"","stick-header-meta":"","header-above-stick-meta":"","header-main-stick-meta":"","header-below-stick-meta":"","astra-migrate-meta-layouts":"default","ast-page-background-enabled":"default","ast-page-background-meta":{"desktop":{"background-color":"","background-image":"","background-repeat":"repeat","background-position":"center center","background-size":"auto","background-attachment":"scroll","background-type":"","background-media":"","overlay-type":"","overlay-color":"","overlay-opacity":"","overlay-gradient":""},"tablet":{"background-color":"","background-image":"","background-repeat":"repeat","background-position":"center center","background-size":"auto","background-attachment":"scroll","background-type":"","background-media":"","overlay-type":"","overlay-color":"","overlay-opacity":"","overlay-gradient":""},"mobile":{"background-color":"","background-image":"","background-repeat":"repeat","background-position":"center center","background-size":"auto","background-attachment":"scroll","background-type":"","background-media":"","overlay-type":"","overlay-color":"","overlay-opacity":"","overlay-gradient":""}},"ast-content-background-meta":{"desktop":{"background-color":"var(--ast-global-color-5)","background-image":"","background-repeat":"repeat","background-position":"center center","background-size":"auto","background-attachment":"scroll","background-type":"","background-media":"","overlay-type":"","overlay-color":"","overlay-opacity":"","overlay-gradient":""},"tablet":{"background-color":"var(--ast-global-color-5)","background-image":"","background-repeat":"repeat","background-position":"center center","background-size":"auto","background-attachment":"scroll","background-type":"","background-media":"","overlay-type":"","overlay-color":"","overlay-opacity":"","overlay-gradient":""},"mobile":{"background-color":"var(--ast-global-color-5)","background-image":"","background-repeat":"repeat","background-position":"center center","background-size":"auto","background-attachment":"scroll","background-type":"","background-media":"","overlay-type":"","overlay-color":"","overlay-opacity":"","overlay-gradient":""}},"footnotes":""},"class_list":["post-1290","page","type-page","status-publish","hentry"],"_links":{"self":[{"href":"https:\/\/medic-centrum.pl\/index.php\/wp-json\/wp\/v2\/pages\/1290","targetHints":{"allow":["GET"]}}],"collection":[{"href":"https:\/\/medic-centrum.pl\/index.php\/wp-json\/wp\/v2\/pages"}],"about":[{"href":"https:\/\/medic-centrum.pl\/index.php\/wp-json\/wp\/v2\/types\/page"}],"author":[{"embeddable":true,"href":"https:\/\/medic-centrum.pl\/index.php\/wp-json\/wp\/v2\/users\/1"}],"replies":[{"embeddable":true,"href":"https:\/\/medic-centrum.pl\/index.php\/wp-json\/wp\/v2\/comments?post=1290"}],"version-history":[{"count":31,"href":"https:\/\/medic-centrum.pl\/index.php\/wp-json\/wp\/v2\/pages\/1290\/revisions"}],"predecessor-version":[{"id":2157,"href":"https:\/\/medic-centrum.pl\/index.php\/wp-json\/wp\/v2\/pages\/1290\/revisions\/2157"}],"wp:attachment":[{"href":"https:\/\/medic-centrum.pl\/index.php\/wp-json\/wp\/v2\/media?parent=1290"}],"curies":[{"name":"wp","href":"https:\/\/api.w.org\/{rel}","templated":true}]}}